{"id":2762,"date":"2021-01-12T12:22:13","date_gmt":"2021-01-12T11:22:13","guid":{"rendered":"https:\/\/pjur.cz\/for-retailers\/"},"modified":"2022-11-09T15:41:51","modified_gmt":"2022-11-09T14:41:51","slug":"pro-maloobchodniky","status":"publish","type":"page","link":"https:\/\/pjur.cz\/cs\/pro-maloobchodniky\/","title":{"rendered":"Pro maloobchodn\u00edky"},"content":{"rendered":"<p>[et_pb_section fb_built=&#8220;1&#8243; custom_padding_last_edited=&#8220;off|desktop&#8220; admin_label=&#8220;Header Section&#8220; module_id=&#8220;Anfang Retailer&#8220; _builder_version=&#8220;4.16&#8243; background_image=&#8220;https:\/\/pjur.cz\/wp-content\/uploads\/2021\/02\/AdobeStock_85299871-scaled.jpeg&#8220; parallax=&#8220;on&#8220; height=&#8220;1000px&#8220; height_tablet=&#8220;&#8220; height_phone=&#8220;390px&#8220; height_last_edited=&#8220;on|phone&#8220; custom_padding=&#8220;8%||||false|false&#8220; custom_padding_tablet=&#8220;320px|0px|0px|0px&#8220; global_colors_info=&#8220;{}&#8220;][et_pb_row custom_padding_last_edited=&#8220;on|desktop&#8220; admin_label=&#8220;Header Row&#8220; _builder_version=&#8220;4.16&#8243; custom_margin=&#8220;||||false|false&#8220; custom_padding=&#8220;390px||||false|false&#8220; custom_padding_tablet=&#8220;&#8220; custom_padding_phone=&#8220;100px||||false|false&#8220; global_colors_info=&#8220;{}&#8220;][et_pb_column type=&#8220;4_4&#8243; _builder_version=&#8220;4.16&#8243; custom_padding=&#8220;|||&#8220; global_colors_info=&#8220;{}&#8220; custom_padding__hover=&#8220;|||&#8220;][et_pb_text _builder_version=&#8220;4.18.0&#8243; _module_preset=&#8220;default&#8220; header_font=&#8220;|600|||||||&#8220; header_text_color=&#8220;#f7f7f7&#8243; header_font_size=&#8220;60px&#8220; header_letter_spacing=&#8220;5px&#8220; header_line_height=&#8220;1.4em&#8220; header_font_size_tablet=&#8220;&#8220; header_font_size_phone=&#8220;30px&#8220; header_font_size_last_edited=&#8220;on|desktop&#8220; header_text_shadow_style=&#8220;preset2&#8243; header_text_shadow_color=&#8220;#000000&#8243; global_colors_info=&#8220;{}&#8220;]<\/p>\n<h1 style=\"text-align: center;\">Pro maloobchodn\u00edky<\/h1>\n<p>[\/et_pb_text][\/et_pb_column][\/et_pb_row][\/et_pb_section][et_pb_section fb_built=&#8220;1&#8243; _builder_version=&#8220;4.16&#8243; _module_preset=&#8220;default&#8220; custom_margin=&#8220;-1px||||false|false&#8220; custom_padding=&#8220;1px||5px|||&#8220; global_colors_info=&#8220;{}&#8220;][et_pb_row _builder_version=&#8220;4.16&#8243; _module_preset=&#8220;default&#8220; global_colors_info=&#8220;{}&#8220;][et_pb_column type=&#8220;4_4&#8243; _builder_version=&#8220;4.16&#8243; _module_preset=&#8220;default&#8220; global_colors_info=&#8220;{}&#8220;][et_pb_text _builder_version=&#8220;4.18.0&#8243; _module_preset=&#8220;default&#8220; text_font=&#8220;||||||||&#8220; text_font_size=&#8220;17px&#8220; text_letter_spacing=&#8220;2px&#8220; custom_margin=&#8220;||2px|||&#8220; text_font_size_tablet=&#8220;&#8220; text_font_size_phone=&#8220;14px&#8220; text_font_size_last_edited=&#8220;on|desktop&#8220; global_colors_info=&#8220;{}&#8220;]<\/p>\n<p style=\"text-align: center;\">L\u00edb\u00ed se v\u00e1m produkty pjur, p\u0159\u00edb\u011bh zna\u010dky a vysoce kvalitn\u00ed p\u0159\u00edstup?<br \/>Vyzn\u00e1v\u00e1te stejn\u00e9 hodnoty a chcete m\u00edt skv\u011bl\u00fd p\u0159\u00edb\u011bh obchodn\u00edho partnerstv\u00ed?<\/p>\n<p style=\"text-align: center;\">V tom p\u0159\u00edpad\u011b V\u00cdTEJTE! Kontaktujte n\u00e1s a \u0159ekn\u011bte n\u00e1m sv\u016fj p\u0159\u00edb\u011bh, posl\u00e1n\u00ed a vizi s pr\u00e9miov\u00fdmi produkty pjur. T\u011b\u0161\u00edme se, a\u017e v\u00e1s pozn\u00e1me!<\/p>\n<p>[\/et_pb_text][\/et_pb_column][\/et_pb_row][et_pb_row _builder_version=&#8220;4.16&#8243; _module_preset=&#8220;default&#8220; custom_margin=&#8220;-36px||||false|false&#8220; global_colors_info=&#8220;{}&#8220;][et_pb_column type=&#8220;4_4&#8243; _builder_version=&#8220;4.16&#8243; _module_preset=&#8220;default&#8220; global_colors_info=&#8220;{}&#8220;][et_pb_blurb title=&#8220;R\u016fzn\u00e9 prodejn\u00ed kan\u00e1ly&#8220; _builder_version=&#8220;4.18.0&#8243; _module_preset=&#8220;default&#8220; header_level=&#8220;h1&#8243; header_font=&#8220;||||||||&#8220; header_text_align=&#8220;center&#8220; header_font_size=&#8220;35px&#8220; header_line_height=&#8220;2.1em&#8220; body_font=&#8220;||||||||&#8220; body_text_align=&#8220;center&#8220; body_font_size=&#8220;16px&#8220; custom_margin=&#8220;25px||||false|false&#8220; custom_padding=&#8220;0px||||false|false&#8220; header_font_size_tablet=&#8220;&#8220; header_font_size_phone=&#8220;25px&#8220; header_font_size_last_edited=&#8220;on|desktop&#8220; body_font_size_tablet=&#8220;&#8220; body_font_size_phone=&#8220;14px&#8220; body_font_size_last_edited=&#8220;on|phone&#8220; global_colors_info=&#8220;{}&#8220;]<\/p>\n<p><strong>Drogerie, l\u00e9k\u00e1rny, supermarkety, obchody se zbo\u017e\u00edm pro dosp\u011bl\u00e9 \u2013 online i offline.<\/strong> To jsou hlavn\u00ed prodejn\u00ed kan\u00e1ly produkt\u016f pjur a my st\u00e1le hled\u00e1me nov\u00e9, dal\u0161\u00ed zp\u016fsoby, jak poskytnout v\u0161em lidem v\u00fdhody zna\u010dky pjur.<\/p>\n<p>Pr\u00e9miov\u00e9 produkty pjur se v sou\u010dasn\u00e9 dob\u011b prod\u00e1vaj\u00ed ve <strong>v\u00edce ne\u017e 70 zem\u00edch<\/strong> sv\u011bta. Pokud va\u0161e zem\u011b nen\u00ed sou\u010d\u00e1st\u00ed na\u0161\u00ed rodiny produkt\u016f pjur, napi\u0161te n\u00e1m pros\u00edm zpr\u00e1vu a zajist\u00edme, abyste se mohli pod\u00edlet na prodeji vynikaj\u00edc\u00edho produktu.<\/p>\n<p>Poj\u010fme spole\u010dn\u011b otev\u0159\u00edt prodejn\u00ed kan\u00e1ly ryz\u00edho \u0161t\u011bst\u00ed.<\/p>\n<p>[\/et_pb_blurb][\/et_pb_column][\/et_pb_row][et_pb_row admin_label=&#8220;Introduction Header Row&#8220; _builder_version=&#8220;4.16&#8243; custom_margin=&#8220;50px|auto||auto||&#8220; custom_margin_tablet=&#8220;&#8220; custom_margin_phone=&#8220;||||false|false&#8220; custom_margin_last_edited=&#8220;on|phone&#8220; custom_padding=&#8220;45px|||||&#8220; animation_style=&#8220;fade&#8220; global_colors_info=&#8220;{}&#8220;][et_pb_column type=&#8220;4_4&#8243; _builder_version=&#8220;4.16&#8243; custom_padding=&#8220;|||&#8220; global_colors_info=&#8220;{}&#8220; custom_padding__hover=&#8220;|||&#8220;][et_pb_text _builder_version=&#8220;4.18.0&#8243; text_font=&#8220;||||||||&#8220; text_font_size=&#8220;16px&#8220; text_line_height=&#8220;1.8em&#8220; header_font=&#8220;||||||||&#8220; header_2_font=&#8220;||||||||&#8220; header_2_font_size=&#8220;35px&#8220; header_2_letter_spacing=&#8220;3px&#8220; header_2_line_height=&#8220;1.4em&#8220; text_orientation=&#8220;center&#8220; max_width=&#8220;700px&#8220; module_alignment=&#8220;center&#8220; custom_margin=&#8220;|||&#8220; custom_margin_tablet=&#8220;0px|||&#8220; custom_margin_phone=&#8220;|||&#8220; custom_margin_last_edited=&#8220;on|phone&#8220; header_2_font_size_tablet=&#8220;&#8220; header_2_font_size_phone=&#8220;25px&#8220; header_2_font_size_last_edited=&#8220;on|phone&#8220; global_colors_info=&#8220;{}&#8220;]<\/p>\n<div>\n<div>\n<h2><strong>Jste maloobchodn\u00edk a chcete prod\u00e1vat produkty pjur?<\/strong><\/h2>\n<h3>Kontaktujte n\u00e1s a sta\u0148te se sou\u010d\u00e1st\u00ed distribu\u010dn\u00ed s\u00edt\u011b pjur!<\/h3>\n<\/div>\n<\/div>\n<p>[\/et_pb_text][et_pb_button button_url=&#8220;mailto:jjager@pjur.com;mschneider@pjur.com&#8220; url_new_window=&#8220;on&#8220; button_text=&#8220;Ozv\u011bte se n\u00e1m&#8220; button_alignment=&#8220;center&#8220; button_alignment_tablet=&#8220;&#8220; button_alignment_phone=&#8220;center&#8220; button_alignment_last_edited=&#8220;on|phone&#8220; _builder_version=&#8220;4.18.0&#8243; _module_preset=&#8220;default&#8220; custom_button=&#8220;on&#8220; button_text_color=&#8220;#f7f7f7&#8243; button_bg_color=&#8220;#707173&#8243; button_border_color=&#8220;rgba(0,0,0,0)&#8220; custom_margin=&#8220;|-2px||||&#8220; global_colors_info=&#8220;{}&#8220;][\/et_pb_button][\/et_pb_column][\/et_pb_row][et_pb_row _builder_version=&#8220;4.18.0&#8243; _module_preset=&#8220;default&#8220; global_colors_info=&#8220;{}&#8220;][et_pb_column type=&#8220;4_4&#8243; _builder_version=&#8220;4.18.0&#8243; _module_preset=&#8220;default&#8220; global_colors_info=&#8220;{}&#8220;][\/et_pb_column][\/et_pb_row][\/et_pb_section][et_pb_section fb_built=&#8220;1&#8243; admin_label=&#8220;Contact Section&#8220; _builder_version=&#8220;4.16&#8243; use_background_color_gradient=&#8220;on&#8220; background_color_gradient_stops=&#8220;#ffffff 13%|rgba(255,255,255,0) 100%&#8220; background_color_gradient_overlays_image=&#8220;on&#8220; background_color_gradient_start=&#8220;#ffffff&#8220; background_color_gradient_start_position=&#8220;13%&#8220; background_color_gradient_end=&#8220;rgba(255,255,255,0)&#8220; background_image=&#8220;https:\/\/pjur.cz\/wp-content\/uploads\/2021\/08\/221-04_pjur_Webseite_pjur-china-com_Footer_1920x1415px_CN_v01-1.jpg&#8220; background_position=&#8220;bottom_center&#8220; min_height=&#8220;1078px&#8220; custom_padding=&#8220;2px|0px|0px|0px||&#8220; saved_tabs=&#8220;all&#8220; global_colors_info=&#8220;{}&#8220;][et_pb_row column_structure=&#8220;1_2,1_2&#8243; admin_label=&#8220;Contact Us Row&#8220; _builder_version=&#8220;4.16&#8243; global_colors_info=&#8220;{}&#8220;][et_pb_column type=&#8220;1_2&#8243; _builder_version=&#8220;4.16&#8243; custom_padding=&#8220;|||&#8220; global_colors_info=&#8220;{}&#8220; custom_padding__hover=&#8220;|||&#8220;][et_pb_text _builder_version=&#8220;4.18.0&#8243; text_font=&#8220;||||||||&#8220; text_font_size=&#8220;16px&#8220; header_font=&#8220;||||||||&#8220; header_2_font=&#8220;||||||||&#8220; header_2_font_size=&#8220;30px&#8220; header_2_letter_spacing=&#8220;3px&#8220; header_2_line_height=&#8220;1.4em&#8220; header_5_font=&#8220;Open Sans|700||on|on||||&#8220; header_5_text_color=&#8220;#000000&#8243; header_5_font_size=&#8220;22px&#8220; header_5_line_height=&#8220;1.6em&#8220; module_alignment=&#8220;center&#8220; custom_margin=&#8220;21px||||false|false&#8220; custom_margin_tablet=&#8220;0px|||&#8220; custom_margin_phone=&#8220;|||&#8220; custom_margin_last_edited=&#8220;on|phone&#8220; header_2_font_size_tablet=&#8220;&#8220; header_2_font_size_phone=&#8220;20px&#8220; header_2_font_size_last_edited=&#8220;on|desktop&#8220; header_5_font_size_tablet=&#8220;&#8220; header_5_font_size_phone=&#8220;15px&#8220; header_5_font_size_last_edited=&#8220;on|desktop&#8220; header_5_text_shadow_style=&#8220;preset3&#8243; header_5_text_shadow_blur_strength=&#8220;0.07em&#8220; header_5_text_shadow_color=&#8220;#ffdd00&#8243; global_colors_info=&#8220;{}&#8220;]<\/p>\n<h2>Ozv\u011bte se<\/h2>\n<p>V\u00e1\u017een\u00fd prodejci, velmi r\u00e1di bychom si poslechli va\u0161e pl\u00e1ny na dosa\u017een\u00ed obchodn\u00edch \u00fasp\u011bch\u016f.<\/p>\n<p>Nev\u00e1hejte n\u00e1m poslat zpr\u00e1vu prost\u0159ednictv\u00edm kontaktn\u00edho formul\u00e1\u0159e.<\/p>\n<p>V\u00e1\u0161 t\u00fdm pjur.<\/p>\n<p>[\/et_pb_text][\/et_pb_column][et_pb_column type=&#8220;1_2&#8243; _builder_version=&#8220;4.16&#8243; custom_padding=&#8220;|||&#8220; global_colors_info=&#8220;{}&#8220; custom_padding__hover=&#8220;|||&#8220;][et_pb_text _builder_version=&#8220;4.18.0&#8243; _module_preset=&#8220;default&#8220; hover_enabled=&#8220;0&#8243; global_colors_info=&#8220;{}&#8220; sticky_enabled=&#8220;0&#8243;]<\/p>\n\n<div class=\"wpcf7 no-js\" id=\"wpcf7-f2814-o1\" lang=\"de-DE\" dir=\"ltr\">\n<div class=\"screen-reader-response\"><p role=\"status\" aria-live=\"polite\" aria-atomic=\"true\"><\/p> <ul><\/ul><\/div>\n<form action=\"\/cs\/wp-json\/wp\/v2\/pages\/2762#wpcf7-f2814-o1\" method=\"post\" class=\"wpcf7-form init\" aria-label=\"Kontaktformular\" novalidate=\"novalidate\" data-status=\"init\">\n<div style=\"display: none;\">\n<input type=\"hidden\" name=\"_wpcf7\" value=\"2814\" \/>\n<input type=\"hidden\" name=\"_wpcf7_version\" value=\"5.7.7\" \/>\n<input type=\"hidden\" name=\"_wpcf7_locale\" value=\"de_DE\" \/>\n<input type=\"hidden\" name=\"_wpcf7_unit_tag\" value=\"wpcf7-f2814-o1\" \/>\n<input type=\"hidden\" name=\"_wpcf7_container_post\" value=\"0\" \/>\n<input type=\"hidden\" name=\"_wpcf7_posted_data_hash\" value=\"\" \/>\n<\/div>\n<p class=\"et_pb_contact_field et_pb_contact_field_0 et_pb_contact_field_half\"><br \/>\n<span class=\"wpcf7-form-control-wrap\" data-name=\"form-name\"><input size=\"40\" class=\"wpcf7-form-control wpcf7-text input\" aria-invalid=\"false\" placeholder=\"Jm\u00e9no\" value=\"\" type=\"text\" name=\"form-name\" \/><\/span>\n<\/p>\n<p class=\"et_pb_contact_field et_pb_contact_field_1 et_pb_contact_field_half et_pb_contact_field_last\"><br \/>\n<span class=\"wpcf7-form-control-wrap\" data-name=\"form-email\"><input size=\"40\" class=\"wpcf7-form-control wpcf7-text wpcf7-email wpcf7-validates-as-required wpcf7-validates-as-email input\" aria-required=\"true\" aria-invalid=\"false\" placeholder=\"E-mailov\u00e1 adresa\" value=\"\" type=\"email\" name=\"form-email\" \/><\/span>\n<\/p>\n<p class=\"et_pb_contact_field et_pb_contact_field_2 et_pb_contact_field_last\"><br \/>\n<span id=\"wpcf7-69da1bdf0cfe1-wrapper\" class=\"wpcf7-form-control-wrap your-subject-wrap\" style=\"display:none !important; visibility:hidden !important;\"><label for=\"wpcf7-69da1bdf0cfe1-field\" class=\"hp-message\">Ponechte toto pole pr\u00e1zdn\u00e9.<\/label><input id=\"wpcf7-69da1bdf0cfe1-field\"  placeholder=\"P\u0159edm\u011bt\"  class=\"wpcf7-form-control wpcf7-text input\" type=\"text\" name=\"your-subject\" value=\"\" size=\"40\" tabindex=\"-1\" autocomplete=\"new-password\" \/><\/span>\n<\/p>\n<p class=\"et_pb_contact_field et_pb_contact_field_3 et_pb_contact_field_last\"><br \/>\n<span class=\"wpcf7-form-control-wrap\" data-name=\"form-message\"><textarea cols=\"40\" rows=\"10\" class=\"wpcf7-form-control wpcf7-textarea input et_pb_contact_message\" aria-invalid=\"false\" placeholder=\"Zpr\u00e1va\" name=\"form-message\"><\/textarea><\/span>\n<\/p>\n<p class=\"et_pb_contact_field_right\"><br \/>\n<input class=\"wpcf7-form-control has-spinner wpcf7-submit et_pb_contact_submit et_pb_button\" type=\"submit\" value=\"Odeslat\" \/>\n<\/p><div class=\"wpcf7-response-output\" aria-hidden=\"true\"><\/div>\n<\/form>\n<\/div>\n\n<p>[\/et_pb_text][\/et_pb_column][\/et_pb_row][et_pb_row admin_label=&#8220;Social Media Row&#8220; _builder_version=&#8220;4.16&#8243; width=&#8220;100%&#8220; max_width=&#8220;100%&#8220; custom_margin=&#8220;30%|||&#8220; custom_margin_tablet=&#8220;&#8220; custom_margin_phone=&#8220;&#8220; custom_margin_last_edited=&#8220;on|desktop&#8220; custom_padding=&#8220;120px|0px|64px|0px|false|false&#8220; use_custom_width=&#8220;on&#8220; width_unit=&#8220;off&#8220; custom_width_percent=&#8220;100%&#8220; global_colors_info=&#8220;{}&#8220;][et_pb_column type=&#8220;4_4&#8243; _builder_version=&#8220;4.16&#8243; custom_padding=&#8220;|||&#8220; global_colors_info=&#8220;{}&#8220; custom_padding__hover=&#8220;|||&#8220;][\/et_pb_column][\/et_pb_row][et_pb_row column_structure=&#8220;1_3,1_3,1_3&#8243; _builder_version=&#8220;4.16&#8243; _module_preset=&#8220;default&#8220; width=&#8220;96%&#8220; max_width=&#8220;2560px&#8220; custom_padding=&#8220;||46px||false|false&#8220; motion_trigger_start=&#8220;bottom&#8220; global_colors_info=&#8220;{}&#8220;][et_pb_column type=&#8220;1_3&#8243; _builder_version=&#8220;4.16&#8243; _module_preset=&#8220;default&#8220; global_colors_info=&#8220;{}&#8220;][\/et_pb_column][et_pb_column type=&#8220;1_3&#8243; _builder_version=&#8220;4.16&#8243; _module_preset=&#8220;default&#8220; global_colors_info=&#8220;{}&#8220;][et_pb_text _builder_version=&#8220;4.18.0&#8243; _module_preset=&#8220;default&#8220; header_font=&#8220;Oswald|700|||||||&#8220; header_text_align=&#8220;center&#8220; header_text_color=&#8220;#f7f7f7&#8243; header_letter_spacing=&#8220;3px&#8220; custom_margin=&#8220;-16px||11px||false|false&#8220; custom_padding=&#8220;0px||0px||false|false&#8220; hover_enabled=&#8220;0&#8243; header_text_shadow_style=&#8220;preset2&#8243; header_text_shadow_blur_strength=&#8220;0.05em&#8220; global_colors_info=&#8220;{}&#8220; sticky_enabled=&#8220;0&#8243;]<\/p>\n<h1>Sledujte n\u00e1s<\/h1>\n<p>[\/et_pb_text][et_pb_social_media_follow _builder_version=&#8220;4.16&#8243; text_orientation=&#8220;center&#8220; custom_margin=&#8220;-13px||||false|false&#8220; custom_margin_tablet=&#8220;&#8220; custom_margin_phone=&#8220;||-57px||false|false&#8220; custom_margin_last_edited=&#8220;on|phone&#8220; custom_padding=&#8220;|||&#8220; mix_blend_mode=&#8220;multiply&#8220; global_colors_info=&#8220;{}&#8220;][et_pb_social_media_follow_network social_network=&#8220;facebook&#8220; url=&#8220;https:\/\/www.facebook.com\/pjurgroup&#8220; _builder_version=&#8220;4.16&#8243; background_color=&#8220;rgba(160,160,160,0.8)&#8220; custom_margin=&#8220;|2%||2%&#8220; custom_padding=&#8220;12px|12px|12px|12px&#8220; border_radii=&#8220;on|100px|100px|100px|100px&#8220; global_colors_info=&#8220;{}&#8220; follow_button=&#8220;off&#8220; url_new_window=&#8220;on&#8220;]facebook[\/et_pb_social_media_follow_network][et_pb_social_media_follow_network social_network=&#8220;instagram&#8220; url=&#8220;https:\/\/www.instagram.com\/pjurlove\/&#8220; _builder_version=&#8220;4.16&#8243; background_color=&#8220;rgba(160,160,160,0.8)&#8220; custom_margin=&#8220;|2%||2%&#8220; custom_padding=&#8220;12px|12px|12px|12px&#8220; border_radii=&#8220;on|100px|100px|100px|100px&#8220; global_colors_info=&#8220;{}&#8220; follow_button=&#8220;off&#8220; url_new_window=&#8220;on&#8220;]instagram[\/et_pb_social_media_follow_network][et_pb_social_media_follow_network social_network=&#8220;youtube&#8220; url=&#8220;https:\/\/www.youtube.com\/user\/pjurGroup&#8220; _builder_version=&#8220;4.16&#8243; background_color=&#8220;rgba(160,160,160,0.8)&#8220; custom_margin=&#8220;|2%||2%&#8220; custom_padding=&#8220;12px|12px|12px|12px&#8220; border_radii=&#8220;on|100px|100px|100px|100px&#8220; global_colors_info=&#8220;{}&#8220; follow_button=&#8220;off&#8220; url_new_window=&#8220;on&#8220;]youtube[\/et_pb_social_media_follow_network][\/et_pb_social_media_follow][\/et_pb_column][et_pb_column type=&#8220;1_3&#8243; _builder_version=&#8220;4.16&#8243; _module_preset=&#8220;default&#8220; global_colors_info=&#8220;{}&#8220;][et_pb_button button_url=&#8220;#Anfang%20Retailer&#8220; button_text=&#8220;Nahoru&#8220; button_alignment=&#8220;right&#8220; _builder_version=&#8220;4.18.0&#8243; _module_preset=&#8220;default&#8220; custom_button=&#8220;on&#8220; button_text_color=&#8220;#f7f7f7&#8243; button_bg_color=&#8220;#707173&#8243; button_border_width=&#8220;0px&#8220; button_border_radius=&#8220;100px&#8220; button_icon=&#8220;&#x36;||divi||400&#8243; button_icon_placement=&#8220;left&#8220; button_on_hover=&#8220;off&#8220; custom_margin=&#8220;55px|31px|0px||false|false&#8220; custom_margin_tablet=&#8220;&#8220; custom_margin_phone=&#8220;&#8220; custom_margin_last_edited=&#8220;on|phone&#8220; custom_padding=&#8220;|||35px|false|false&#8220; global_colors_info=&#8220;{}&#8220;][\/et_pb_button][\/et_pb_column][\/et_pb_row][\/et_pb_section][et_pb_section fb_built=&#8220;1&#8243; admin_label=&#8220;Footer Section&#8220; _builder_version=&#8220;4.16&#8243; background_color=&#8220;#000000&#8243; background_enable_image=&#8220;off&#8220; custom_padding=&#8220;0px|0px|0px|0px|false|false&#8220; saved_tabs=&#8220;all&#8220; global_colors_info=&#8220;{}&#8220;][et_pb_row admin_label=&#8220;Footer Row&#8220; _builder_version=&#8220;4.16&#8243; global_colors_info=&#8220;{}&#8220;][et_pb_column type=&#8220;4_4&#8243; _builder_version=&#8220;4.16&#8243; custom_padding=&#8220;|||&#8220; global_colors_info=&#8220;{}&#8220; custom_padding__hover=&#8220;|||&#8220;][et_pb_image src=&#8220;https:\/\/pjur.cz\/wp-content\/uploads\/2022\/09\/pjur_Logo_Kreis_gross_500x500px.png&#8220; title_text=&#8220;pjur_Logo_Kreis_gross_500x500px&#8220; align=&#8220;center&#8220; align_tablet=&#8220;center&#8220; align_phone=&#8220;&#8220; align_last_edited=&#8220;on|desktop&#8220; admin_label=&#8220;logo&#8220; _builder_version=&#8220;4.16&#8243; max_width=&#8220;50%&#8220; height=&#8220;150px&#8220; custom_margin=&#8220;-96px||||false|false&#8220; global_colors_info=&#8220;{}&#8220;][\/et_pb_image][\/et_pb_column][\/et_pb_row][\/et_pb_section]<\/p>\n","protected":false},"excerpt":{"rendered":"<p>Pro maloobchodn\u00edkyL\u00edb\u00ed se v\u00e1m produkty pjur, p\u0159\u00edb\u011bh zna\u010dky a vysoce kvalitn\u00ed p\u0159\u00edstup?Vyzn\u00e1v\u00e1te stejn\u00e9 hodnoty a chcete m\u00edt skv\u011bl\u00fd p\u0159\u00edb\u011bh obchodn\u00edho partnerstv\u00ed? V tom p\u0159\u00edpad\u011b V\u00cdTEJTE! Kontaktujte n\u00e1s a \u0159ekn\u011bte n\u00e1m sv\u016fj p\u0159\u00edb\u011bh, posl\u00e1n\u00ed a vizi s pr\u00e9miov\u00fdmi produkty pjur. T\u011b\u0161\u00edme se, a\u017e v\u00e1s pozn\u00e1me!Drogerie, l\u00e9k\u00e1rny, supermarkety, obchody se zbo\u017e\u00edm pro dosp\u011bl\u00e9 \u2013 online i offline. [&hellip;]<\/p>\n","protected":false},"author":1,"featured_media":0,"parent":0,"menu_order":0,"comment_status":"closed","ping_status":"closed","template":"","meta":{"_et_pb_use_builder":"on","_et_pb_old_content":"","_et_gb_content_width":""},"_links":{"self":[{"href":"https:\/\/pjur.cz\/cs\/wp-json\/wp\/v2\/pages\/2762"}],"collection":[{"href":"https:\/\/pjur.cz\/cs\/wp-json\/wp\/v2\/pages"}],"about":[{"href":"https:\/\/pjur.cz\/cs\/wp-json\/wp\/v2\/types\/page"}],"author":[{"embeddable":true,"href":"https:\/\/pjur.cz\/cs\/wp-json\/wp\/v2\/users\/1"}],"replies":[{"embeddable":true,"href":"https:\/\/pjur.cz\/cs\/wp-json\/wp\/v2\/comments?post=2762"}],"version-history":[{"count":5,"href":"https:\/\/pjur.cz\/cs\/wp-json\/wp\/v2\/pages\/2762\/revisions"}],"predecessor-version":[{"id":2831,"href":"https:\/\/pjur.cz\/cs\/wp-json\/wp\/v2\/pages\/2762\/revisions\/2831"}],"wp:attachment":[{"href":"https:\/\/pjur.cz\/cs\/wp-json\/wp\/v2\/media?parent=2762"}],"curies":[{"name":"wp","href":"https:\/\/api.w.org\/{rel}","templated":true}]}}